{"id":58545,"date":"2026-04-03T21:56:22","date_gmt":"2026-04-03T21:56:22","guid":{"rendered":"https:\/\/jnksport.com\/?post_type=product&#038;p=58545"},"modified":"2026-04-28T16:36:38","modified_gmt":"2026-04-28T16:36:38","slug":"zapatillas-nike-total-90-hj9351-001-hombre","status":"publish","type":"product","link":"https:\/\/jnksport.com\/en\/product\/zapatillas-nike-total-90-hj9351-001-hombre\/","title":{"rendered":"Zapatillas Nike Total 90 HJ9351-001 Hombre"},"content":{"rendered":"<div>\n<div>Los Total 90, que nacieron en la cancha en el a\u00f1o 2000, dejaron una herencia duradera en el f\u00fatbol. Ahora est\u00e1n de vuelta y listos para la calle con el estilo de f\u00fatbol aut\u00e9ntico, recargado para la actualidad. Esta edici\u00f3n moderna cambia los tachones por una suela plana de goma que mantiene la ic\u00f3nica parte superior acolchada y las agujetas asim\u00e9tricas de los originales. El acabado brillante en color blanco y negro se combina con tonos amarillo tour y plata metalizado para crear un look destacado que no puedes ignorar.<\/div>\n<\/div>\n<ul>\n<li>Marca: Nike<\/li>\n<li>Codigo: HJ9351-001<\/li>\n<li>Modelo: Total 90<\/li>\n<li>G\u00e9nero: Hombre<\/li>\n<li>Estilo: Deportivo<\/li>\n<li>Cierre: Cordones<\/li>\n<li>Material: Cuero<\/li>\n<li>Color: Negro<\/li>\n<li>Material de la Suela: Goma<\/li>\n<\/ul>","protected":false},"excerpt":{"rendered":"<p>Los Total 90, que nacieron en la cancha en el a\u00f1o 2000, dejaron una herencia duradera en el f\u00fatbol. Ahora est\u00e1n de vuelta y listos&#8230;<\/p>","protected":false},"featured_media":59637,"comment_status":"open","ping_status":"closed","template":"","meta":{"om_disable_all_campaigns":false,"_monsterinsights_skip_tracking":false,"_monsterinsights_sitenote_active":false,"_monsterinsights_sitenote_note":"","_monsterinsights_sitenote_category":0,"_uf_show_specific_survey":0,"_uf_disable_surveys":false,"_joinchat":[]},"etheme_brands":[],"product_brand":[],"product_cat":[19],"product_tag":[],"class_list":{"0":"post-58545","1":"product","2":"type-product","3":"status-publish","4":"has-post-thumbnail","6":"product_cat-hombre","7":"product_shipping_class-envio-a-lima-y-provincia","9":"first","10":"instock","11":"sale","12":"featured","13":"shipping-taxable","14":"purchasable","15":"product-type-variable"},"aioseo_notices":[],"_links":{"self":[{"href":"https:\/\/jnksport.com\/en\/wp-json\/wp\/v2\/product\/58545","targetHints":{"allow":["GET"]}}],"collection":[{"href":"https:\/\/jnksport.com\/en\/wp-json\/wp\/v2\/product"}],"about":[{"href":"https:\/\/jnksport.com\/en\/wp-json\/wp\/v2\/types\/product"}],"replies":[{"embeddable":true,"href":"https:\/\/jnksport.com\/en\/wp-json\/wp\/v2\/comments?post=58545"}],"version-history":[{"count":1,"href":"https:\/\/jnksport.com\/en\/wp-json\/wp\/v2\/product\/58545\/revisions"}],"predecessor-version":[{"id":59541,"href":"https:\/\/jnksport.com\/en\/wp-json\/wp\/v2\/product\/58545\/revisions\/59541"}],"wp:featuredmedia":[{"embeddable":true,"href":"https:\/\/jnksport.com\/en\/wp-json\/wp\/v2\/media\/59637"}],"wp:attachment":[{"href":"https:\/\/jnksport.com\/en\/wp-json\/wp\/v2\/media?parent=58545"}],"wp:term":[{"taxonomy":"brand","embeddable":true,"href":"https:\/\/jnksport.com\/en\/wp-json\/wp\/v2\/etheme_brands?post=58545"},{"taxonomy":"product_brand","embeddable":true,"href":"https:\/\/jnksport.com\/en\/wp-json\/wp\/v2\/product_brand?post=58545"},{"taxonomy":"product_cat","embeddable":true,"href":"https:\/\/jnksport.com\/en\/wp-json\/wp\/v2\/product_cat?post=58545"},{"taxonomy":"product_tag","embeddable":true,"href":"https:\/\/jnksport.com\/en\/wp-json\/wp\/v2\/product_tag?post=58545"}],"curies":[{"name":"wp","href":"https:\/\/api.w.org\/{rel}","templated":true}]}}