{"id":58609,"date":"2026-04-03T21:56:38","date_gmt":"2026-04-03T21:56:38","guid":{"rendered":"https:\/\/jnksport.com\/?post_type=product&#038;p=58609"},"modified":"2026-04-27T21:32:34","modified_gmt":"2026-04-27T21:32:34","slug":"zapatillas-nike-phantom-6-high-club-hq2276-446-hombre","status":"publish","type":"product","link":"https:\/\/jnksport.com\/en\/product\/zapatillas-nike-phantom-6-high-club-hq2276-446-hombre\/","title":{"rendered":"Zapatillas Nike Phantom 6 High Club HQ2276-446 Hombre"},"content":{"rendered":"<div>\n<div>NIKE PHANTOM 6 HIGH CLUB<\/p>\n<p>Ya sea que est\u00e9s comenzando o simplemente jugando por diversi\u00f3n, las zapatillas Club te llevan al campo sin comprometer la calidad. El Phantom 6 cuenta con una parte superior que se amolda a tu pie para acercarte al bal\u00f3n al regatear, pasar y disparar.<\/p>\n<p>Optimal Touch<\/p>\n<p>La parte superior est\u00e1 hecha de un material maleable que se amolda a tu pie y te acerca al bal\u00f3n para un gran control.<\/p>\n<p>Tracci\u00f3n para el c\u00e9sped<\/p>\n<p>El patr\u00f3n de tracci\u00f3n bajo los pies te ayuda a hacer r\u00e1pido, movimientos seguros.<\/p>\n<p>Ajuste ce\u00f1ido<\/p>\n<p>Un nuevo marco de zapato le brinda un ajuste m\u00e1s natural, especialmente en la puntera. Ayuda a amoldarse a tu pie y te acerca a la pelota para golpes a\u00fan mejores.<\/p>\n<p>Datos del producto<\/p>\n<p>Para usar en superficies sint\u00e9ticas m\u00e1s cortas<br \/>\nPlantilla acolchada<br \/>\n Color que se muestra: Racer Azul\/Rosa Explosi\u00f3n-Blanco<\/p><\/div>\n<\/div>\n<ul>\n<li>Marca: Nike<\/li>\n<li>Codigo: HQ2276-446<\/li>\n<li>Modelo: Phantom 6 High Club<\/li>\n<li>G\u00e9nero: Hombre<\/li>\n<li>Estilo: Deportivo<\/li>\n<li>Cierre: Cordones<\/li>\n<li>Material: Cuero<\/li>\n<li>Color: Azul<\/li>\n<li>Material de la Suela: Caucho<\/li>\n<\/ul>","protected":false},"excerpt":{"rendered":"<p>NIKE PHANTOM 6 HIGH CLUB Ya sea que est\u00e9s comenzando o simplemente jugando por diversi\u00f3n, las zapatillas Club te llevan al campo sin comprometer la&#8230;<\/p>","protected":false},"featured_media":59547,"comment_status":"open","ping_status":"closed","template":"","meta":{"om_disable_all_campaigns":false,"_monsterinsights_skip_tracking":false,"_monsterinsights_sitenote_active":false,"_monsterinsights_sitenote_note":"","_monsterinsights_sitenote_category":0,"_uf_show_specific_survey":0,"_uf_disable_surveys":false,"_joinchat":[]},"etheme_brands":[],"product_brand":[],"product_cat":[19],"product_tag":[],"class_list":{"0":"post-58609","1":"product","2":"type-product","3":"status-publish","4":"has-post-thumbnail","6":"product_cat-hombre","7":"product_shipping_class-envio-a-lima-y-provincia","9":"first","10":"instock","11":"sale","12":"featured","13":"shipping-taxable","14":"purchasable","15":"product-type-variable"},"aioseo_notices":[],"_links":{"self":[{"href":"https:\/\/jnksport.com\/en\/wp-json\/wp\/v2\/product\/58609","targetHints":{"allow":["GET"]}}],"collection":[{"href":"https:\/\/jnksport.com\/en\/wp-json\/wp\/v2\/product"}],"about":[{"href":"https:\/\/jnksport.com\/en\/wp-json\/wp\/v2\/types\/product"}],"replies":[{"embeddable":true,"href":"https:\/\/jnksport.com\/en\/wp-json\/wp\/v2\/comments?post=58609"}],"version-history":[{"count":1,"href":"https:\/\/jnksport.com\/en\/wp-json\/wp\/v2\/product\/58609\/revisions"}],"predecessor-version":[{"id":59548,"href":"https:\/\/jnksport.com\/en\/wp-json\/wp\/v2\/product\/58609\/revisions\/59548"}],"wp:featuredmedia":[{"embeddable":true,"href":"https:\/\/jnksport.com\/en\/wp-json\/wp\/v2\/media\/59547"}],"wp:attachment":[{"href":"https:\/\/jnksport.com\/en\/wp-json\/wp\/v2\/media?parent=58609"}],"wp:term":[{"taxonomy":"brand","embeddable":true,"href":"https:\/\/jnksport.com\/en\/wp-json\/wp\/v2\/etheme_brands?post=58609"},{"taxonomy":"product_brand","embeddable":true,"href":"https:\/\/jnksport.com\/en\/wp-json\/wp\/v2\/product_brand?post=58609"},{"taxonomy":"product_cat","embeddable":true,"href":"https:\/\/jnksport.com\/en\/wp-json\/wp\/v2\/product_cat?post=58609"},{"taxonomy":"product_tag","embeddable":true,"href":"https:\/\/jnksport.com\/en\/wp-json\/wp\/v2\/product_tag?post=58609"}],"curies":[{"name":"wp","href":"https:\/\/api.w.org\/{rel}","templated":true}]}}