{"id":58613,"date":"2026-04-03T21:56:38","date_gmt":"2026-04-03T21:56:38","guid":{"rendered":"https:\/\/jnksport.com\/?post_type=product&#038;p=58613"},"modified":"2026-04-29T22:32:29","modified_gmt":"2026-04-29T22:32:29","slug":"zapatillas-nike-tiempo-maestro-club-ib4482-146-hombre","status":"publish","type":"product","link":"https:\/\/jnksport.com\/en\/product\/zapatillas-nike-tiempo-maestro-club-ib4482-146-hombre\/","title":{"rendered":"Zapatillas Nike Tiempo Maestro Club IB4482-146 Hombre"},"content":{"rendered":"<div>\n<div>NIKE TIEMPO MAESTRO CLUB<br \/>\nConfeccionados con cuero sint\u00e9tico moldeado, los Tiempo Maestro Club est\u00e1n dise\u00f1ados para darte control en cada toque.<\/p>\n<p>Toque Suave<\/p>\n<p>El upper de cuero sint\u00e9tico brinda un toque consistente en condiciones h\u00famedas o secas.<\/p>\n<p>Ajuste Natural<\/p>\n<p>El material sint\u00e9tico se adapta al pie para mejorar el control y mantener la comodidad durante el partido.<\/p>\n<p>Tracci\u00f3n para Canchas de C\u00e9sped Sint\u00e9tico<\/p>\n<p>La suela de goma proporciona tracci\u00f3n en superficies de turf.<\/p>\n<p>Detalles del Producto<\/p>\n<p>Para uso en superficies sint\u00e9ticas cortas<br \/>\nPlantilla acolchada<br \/>\n Color que se muestra: Explosi\u00f3n Azul-Rosa Blanca\/Negra De Racer<\/p><\/div>\n<\/div>\n<ul>\n<li>Marca: Nike<\/li>\n<li>Codigo: IB4482-146<\/li>\n<li>Modelo: Tiempo Maestro Club<\/li>\n<li>G\u00e9nero: Hombre<\/li>\n<li>Estilo: Deportivo<\/li>\n<li>Cierre: Cordones<\/li>\n<li>Material: Cuero<\/li>\n<li>Color: Blanco<\/li>\n<li>Material de la Suela: Goma<\/li>\n<\/ul>","protected":false},"excerpt":{"rendered":"<p>NIKE TIEMPO MAESTRO CLUB Confeccionados con cuero sint\u00e9tico moldeado, los Tiempo Maestro Club est\u00e1n dise\u00f1ados para darte control en cada toque. Toque Suave El upper&#8230;<\/p>","protected":false},"featured_media":59545,"comment_status":"open","ping_status":"closed","template":"","meta":{"om_disable_all_campaigns":false,"_monsterinsights_skip_tracking":false,"_monsterinsights_sitenote_active":false,"_monsterinsights_sitenote_note":"","_monsterinsights_sitenote_category":0,"_uf_show_specific_survey":0,"_uf_disable_surveys":false,"_joinchat":[]},"etheme_brands":[],"product_brand":[],"product_cat":[19],"product_tag":[],"class_list":{"0":"post-58613","1":"product","2":"type-product","3":"status-publish","4":"has-post-thumbnail","6":"product_cat-hombre","7":"product_shipping_class-envio-a-lima-y-provincia","9":"first","10":"instock","11":"featured","12":"shipping-taxable","13":"purchasable","14":"product-type-variable"},"aioseo_notices":[],"_links":{"self":[{"href":"https:\/\/jnksport.com\/en\/wp-json\/wp\/v2\/product\/58613","targetHints":{"allow":["GET"]}}],"collection":[{"href":"https:\/\/jnksport.com\/en\/wp-json\/wp\/v2\/product"}],"about":[{"href":"https:\/\/jnksport.com\/en\/wp-json\/wp\/v2\/types\/product"}],"replies":[{"embeddable":true,"href":"https:\/\/jnksport.com\/en\/wp-json\/wp\/v2\/comments?post=58613"}],"version-history":[{"count":1,"href":"https:\/\/jnksport.com\/en\/wp-json\/wp\/v2\/product\/58613\/revisions"}],"predecessor-version":[{"id":59546,"href":"https:\/\/jnksport.com\/en\/wp-json\/wp\/v2\/product\/58613\/revisions\/59546"}],"wp:featuredmedia":[{"embeddable":true,"href":"https:\/\/jnksport.com\/en\/wp-json\/wp\/v2\/media\/59545"}],"wp:attachment":[{"href":"https:\/\/jnksport.com\/en\/wp-json\/wp\/v2\/media?parent=58613"}],"wp:term":[{"taxonomy":"brand","embeddable":true,"href":"https:\/\/jnksport.com\/en\/wp-json\/wp\/v2\/etheme_brands?post=58613"},{"taxonomy":"product_brand","embeddable":true,"href":"https:\/\/jnksport.com\/en\/wp-json\/wp\/v2\/product_brand?post=58613"},{"taxonomy":"product_cat","embeddable":true,"href":"https:\/\/jnksport.com\/en\/wp-json\/wp\/v2\/product_cat?post=58613"},{"taxonomy":"product_tag","embeddable":true,"href":"https:\/\/jnksport.com\/en\/wp-json\/wp\/v2\/product_tag?post=58613"}],"curies":[{"name":"wp","href":"https:\/\/api.w.org\/{rel}","templated":true}]}}