{"id":58674,"date":"2026-04-03T21:56:56","date_gmt":"2026-04-03T21:56:56","guid":{"rendered":"https:\/\/jnksport.com\/?post_type=product&#038;p=58674"},"modified":"2026-04-27T21:26:27","modified_gmt":"2026-04-27T21:26:27","slug":"zapatillas-nike-total-90-psg-ih4467-100-hombre","status":"publish","type":"product","link":"https:\/\/jnksport.com\/en\/product\/zapatillas-nike-total-90-psg-ih4467-100-hombre\/","title":{"rendered":"Zapatillas Nike Total 90 PSG IH4467-100 Hombre"},"content":{"rendered":"<div>\n<div>Estilo de f\u00fatbol aut\u00e9ntico, ahora dise\u00f1ado para el uso diario. El Total 90 ha vuelto y ofrece nostalgia Y2K con su parte superior acolchada original y el cord\u00f3n asim\u00e9trico. La suela con tacos ha sido reemplazada por una suela plana de goma apta para la calle, y se ha retomado la paleta de colores tradicional para que lo uses como quieras.<\/p>\n<p>Caracter\u00edsticas:<\/p>\n<p>Parte superior de cuero sint\u00e9tico con logotipos de Total 90 en ambos lados<br \/>\nSuela exterior de goma que proporciona tracci\u00f3n y durabilidad<br \/>\nCuello acolchado<\/p><\/div>\n<\/div>\n<ul>\n<li>Marca: Nike<\/li>\n<li>Codigo: IH4467-100<\/li>\n<li>Modelo: Total 90 PSG<\/li>\n<li>G\u00e9nero: Hombre<\/li>\n<li>Estilo: Deportivo<\/li>\n<li>Cierre: Cordones<\/li>\n<li>Material: Cuero<\/li>\n<li>Color: Blanco<\/li>\n<li>Material de la Suela: Goma<\/li>\n<\/ul>","protected":false},"excerpt":{"rendered":"<p>Estilo de f\u00fatbol aut\u00e9ntico, ahora dise\u00f1ado para el uso diario. El Total 90 ha vuelto y ofrece nostalgia Y2K con su parte superior acolchada original&#8230;<\/p>","protected":false},"featured_media":59540,"comment_status":"open","ping_status":"closed","template":"","meta":{"om_disable_all_campaigns":false,"_monsterinsights_skip_tracking":false,"_monsterinsights_sitenote_active":false,"_monsterinsights_sitenote_note":"","_monsterinsights_sitenote_category":0,"_uf_show_specific_survey":0,"_uf_disable_surveys":false,"_joinchat":[]},"etheme_brands":[],"product_brand":[],"product_cat":[19],"product_tag":[],"class_list":{"0":"post-58674","1":"product","2":"type-product","3":"status-publish","4":"has-post-thumbnail","6":"product_cat-hombre","7":"product_shipping_class-envio-a-lima-y-provincia","9":"first","10":"instock","11":"sale","12":"featured","13":"shipping-taxable","14":"purchasable","15":"product-type-variable"},"aioseo_notices":[],"_links":{"self":[{"href":"https:\/\/jnksport.com\/en\/wp-json\/wp\/v2\/product\/58674","targetHints":{"allow":["GET"]}}],"collection":[{"href":"https:\/\/jnksport.com\/en\/wp-json\/wp\/v2\/product"}],"about":[{"href":"https:\/\/jnksport.com\/en\/wp-json\/wp\/v2\/types\/product"}],"replies":[{"embeddable":true,"href":"https:\/\/jnksport.com\/en\/wp-json\/wp\/v2\/comments?post=58674"}],"version-history":[{"count":1,"href":"https:\/\/jnksport.com\/en\/wp-json\/wp\/v2\/product\/58674\/revisions"}],"predecessor-version":[{"id":59542,"href":"https:\/\/jnksport.com\/en\/wp-json\/wp\/v2\/product\/58674\/revisions\/59542"}],"wp:featuredmedia":[{"embeddable":true,"href":"https:\/\/jnksport.com\/en\/wp-json\/wp\/v2\/media\/59540"}],"wp:attachment":[{"href":"https:\/\/jnksport.com\/en\/wp-json\/wp\/v2\/media?parent=58674"}],"wp:term":[{"taxonomy":"brand","embeddable":true,"href":"https:\/\/jnksport.com\/en\/wp-json\/wp\/v2\/etheme_brands?post=58674"},{"taxonomy":"product_brand","embeddable":true,"href":"https:\/\/jnksport.com\/en\/wp-json\/wp\/v2\/product_brand?post=58674"},{"taxonomy":"product_cat","embeddable":true,"href":"https:\/\/jnksport.com\/en\/wp-json\/wp\/v2\/product_cat?post=58674"},{"taxonomy":"product_tag","embeddable":true,"href":"https:\/\/jnksport.com\/en\/wp-json\/wp\/v2\/product_tag?post=58674"}],"curies":[{"name":"wp","href":"https:\/\/api.w.org\/{rel}","templated":true}]}}