{"id":58675,"date":"2026-04-03T21:56:56","date_gmt":"2026-04-03T21:56:56","guid":{"rendered":"https:\/\/jnksport.com\/?post_type=product&#038;p=58675"},"modified":"2026-04-29T22:32:31","modified_gmt":"2026-04-29T22:32:31","slug":"zapatillas-nike-court-vision-low-im1652-002-mujer","status":"publish","type":"product","link":"https:\/\/jnksport.com\/en\/product\/zapatillas-nike-court-vision-low-im1652-002-mujer\/","title":{"rendered":"Zapatillas Nike Court Vision Low IM1652-002 Mujer"},"content":{"rendered":"<div>\n<div>NIKE COURT VISION LOW<\/p>\n<p>\u00bfTe encanta el estilo retro del b\u00e1squetbol de los 80? Te presentamos los Court Vision. Combinan cuero sint\u00e9tico con una suela cupsole de goma para brindarte comodidad durante todo el d\u00eda, inspir\u00e1ndose en algunos de los estilos m\u00e1s ic\u00f3nicos del pasado.<\/p>\n<p>Beneficios<\/p>\n<p>La parte superior de cuero es duradera y c\u00f3moda.<br \/>\nLas perforaciones en la punta y los laterales aportan transpirabilidad.<br \/>\nLa suela cupsole de goma ofrece durabilidad y tracci\u00f3n.<\/p>\n<p>Datos del producto<\/p>\n<p>Cuello acolchado<br \/>\nEntresuela de espuma<br \/>\n Color que se muestra: Fantasma\/Blanco<\/p><\/div>\n<\/div>\n<ul>\n<li>Marca: Nike<\/li>\n<li>Codigo: IM1652-002<\/li>\n<li>Modelo: Court Vision Low<\/li>\n<li>G\u00e9nero: Mujer<\/li>\n<li>Estilo: Urbano<\/li>\n<li>Cierre: Cordones<\/li>\n<li>Material: Cuero<\/li>\n<li>Color: Beige<\/li>\n<li>Material de la Suela: Goma<\/li>\n<\/ul>","protected":false},"excerpt":{"rendered":"<p>NIKE COURT VISION LOW \u00bfTe encanta el estilo retro del b\u00e1squetbol de los 80? Te presentamos los Court Vision. Combinan cuero sint\u00e9tico con una suela&#8230;<\/p>","protected":false},"featured_media":59325,"comment_status":"open","ping_status":"closed","template":"","meta":{"om_disable_all_campaigns":false,"_monsterinsights_skip_tracking":false,"_monsterinsights_sitenote_active":false,"_monsterinsights_sitenote_note":"","_monsterinsights_sitenote_category":0,"_uf_show_specific_survey":0,"_uf_disable_surveys":false,"_joinchat":[]},"etheme_brands":[],"product_brand":[],"product_cat":[18],"product_tag":[],"class_list":{"0":"post-58675","1":"product","2":"type-product","3":"status-publish","4":"has-post-thumbnail","6":"product_cat-mujer","7":"product_shipping_class-envio-a-lima-y-provincia","9":"first","10":"instock","11":"sale","12":"featured","13":"shipping-taxable","14":"purchasable","15":"product-type-variable"},"aioseo_notices":[],"_links":{"self":[{"href":"https:\/\/jnksport.com\/en\/wp-json\/wp\/v2\/product\/58675","targetHints":{"allow":["GET"]}}],"collection":[{"href":"https:\/\/jnksport.com\/en\/wp-json\/wp\/v2\/product"}],"about":[{"href":"https:\/\/jnksport.com\/en\/wp-json\/wp\/v2\/types\/product"}],"replies":[{"embeddable":true,"href":"https:\/\/jnksport.com\/en\/wp-json\/wp\/v2\/comments?post=58675"}],"version-history":[{"count":1,"href":"https:\/\/jnksport.com\/en\/wp-json\/wp\/v2\/product\/58675\/revisions"}],"predecessor-version":[{"id":59326,"href":"https:\/\/jnksport.com\/en\/wp-json\/wp\/v2\/product\/58675\/revisions\/59326"}],"wp:featuredmedia":[{"embeddable":true,"href":"https:\/\/jnksport.com\/en\/wp-json\/wp\/v2\/media\/59325"}],"wp:attachment":[{"href":"https:\/\/jnksport.com\/en\/wp-json\/wp\/v2\/media?parent=58675"}],"wp:term":[{"taxonomy":"brand","embeddable":true,"href":"https:\/\/jnksport.com\/en\/wp-json\/wp\/v2\/etheme_brands?post=58675"},{"taxonomy":"product_brand","embeddable":true,"href":"https:\/\/jnksport.com\/en\/wp-json\/wp\/v2\/product_brand?post=58675"},{"taxonomy":"product_cat","embeddable":true,"href":"https:\/\/jnksport.com\/en\/wp-json\/wp\/v2\/product_cat?post=58675"},{"taxonomy":"product_tag","embeddable":true,"href":"https:\/\/jnksport.com\/en\/wp-json\/wp\/v2\/product_tag?post=58675"}],"curies":[{"name":"wp","href":"https:\/\/api.w.org\/{rel}","templated":true}]}}