{"id":58677,"date":"2026-04-03T21:56:56","date_gmt":"2026-04-03T21:56:56","guid":{"rendered":"https:\/\/jnksport.com\/?post_type=product&#038;p=58677"},"modified":"2026-04-29T22:32:32","modified_gmt":"2026-04-29T22:32:32","slug":"zapatillas-adidas-f50-club-jq0947-hombre","status":"publish","type":"product","link":"https:\/\/jnksport.com\/en\/product\/zapatillas-adidas-f50-club-jq0947-hombre\/","title":{"rendered":"Zapatillas Adidas F50 Club JQ0947 Hombre"},"content":{"rendered":"<div>\n<div>Zapatillas de f\u00fatbol con leng\u00fceta sint\u00e9tica flotante y perforaciones para una sensaci\u00f3n ligera y transpirable.<br \/>\nLa innovaci\u00f3n en el dise\u00f1o se une al estilo emblem\u00e1tico con los Chimpunes F50 Messi Club Pasto Artificial. Dise\u00f1ados para reflejar las preferencias de Messi en la cancha, estos chimpunes ofrecen una sensaci\u00f3n de ligereza y suavidad que te permiten alcanzar una velocidad que cambia el rumbo del partido.<\/p>\n<p>El exterior de material sint\u00e9tico ligero proporciona sujeci\u00f3n y amortiguaci\u00f3n, lo que te permite mantener la concentraci\u00f3n en el juego. Estos chimpunes tambi\u00e9n cuentan con una leng\u00fceta sint\u00e9tica flotante con orificios para mejorar la ventilaci\u00f3n durante todo el partido.<\/p>\n<p>La suela para pasto sint\u00e9tico est\u00e1 dise\u00f1ada para su uso en canchas artificiales. Adem\u00e1s, gracias al sistema de amarre de pasadores ajustables, puedes adaptarlos a tu talla y preferencias.<\/p>\n<p>Estos chimpunes est\u00e1n dise\u00f1ados con nuestra tecnolog\u00eda m\u00e1s moderna y orientada al rendimiento. Tanto si superas a tu rival con habilidad como si marcas el gol de la victoria, emula la grandeza en la cancha con adidas.<\/p>\n<p>Ajuste cl\u00e1sico<br \/>\nPasadores<br \/>\nExterior de material sint\u00e9tico<br \/>\nPlantilla de tela<br \/>\nSuela de caucho<br \/>\nLeng\u00fceta flotante sint\u00e9tica<br \/>\nColor del art\u00edculo: Cloud White \/ Lucid Pink \/ Flash Aqua<br \/>\nN\u00famero de art\u00edculo: JQ0947<\/p><\/div>\n<\/div>\n<ul>\n<li>Marca: Adidas<\/li>\n<li>Codigo: JQ0947<\/li>\n<li>Modelo: F50 Club<\/li>\n<li>G\u00e9nero: Hombre<\/li>\n<li>Estilo: Deportivo<\/li>\n<li>Cierre: Cordones<\/li>\n<li>Material: Sintetico<\/li>\n<li>Color: Turquesa<\/li>\n<li>Material de la Suela: Caucho<\/li>\n<\/ul>","protected":false},"excerpt":{"rendered":"<p>Zapatillas de f\u00fatbol con leng\u00fceta sint\u00e9tica flotante y perforaciones para una sensaci\u00f3n ligera y transpirable. La innovaci\u00f3n en el dise\u00f1o se une al estilo emblem\u00e1tico&#8230;<\/p>","protected":false},"featured_media":58713,"comment_status":"open","ping_status":"closed","template":"","meta":{"om_disable_all_campaigns":false,"_monsterinsights_skip_tracking":false,"_monsterinsights_sitenote_active":false,"_monsterinsights_sitenote_note":"","_monsterinsights_sitenote_category":0,"_uf_show_specific_survey":0,"_uf_disable_surveys":false,"_joinchat":[]},"etheme_brands":[],"product_brand":[],"product_cat":[19],"product_tag":[],"class_list":{"0":"post-58677","1":"product","2":"type-product","3":"status-publish","4":"has-post-thumbnail","6":"product_cat-hombre","7":"product_shipping_class-envio-a-lima-y-provincia","9":"first","10":"instock","11":"sale","12":"featured","13":"shipping-taxable","14":"purchasable","15":"product-type-variable"},"aioseo_notices":[],"_links":{"self":[{"href":"https:\/\/jnksport.com\/en\/wp-json\/wp\/v2\/product\/58677","targetHints":{"allow":["GET"]}}],"collection":[{"href":"https:\/\/jnksport.com\/en\/wp-json\/wp\/v2\/product"}],"about":[{"href":"https:\/\/jnksport.com\/en\/wp-json\/wp\/v2\/types\/product"}],"replies":[{"embeddable":true,"href":"https:\/\/jnksport.com\/en\/wp-json\/wp\/v2\/comments?post=58677"}],"version-history":[{"count":0,"href":"https:\/\/jnksport.com\/en\/wp-json\/wp\/v2\/product\/58677\/revisions"}],"wp:featuredmedia":[{"embeddable":true,"href":"https:\/\/jnksport.com\/en\/wp-json\/wp\/v2\/media\/58713"}],"wp:attachment":[{"href":"https:\/\/jnksport.com\/en\/wp-json\/wp\/v2\/media?parent=58677"}],"wp:term":[{"taxonomy":"brand","embeddable":true,"href":"https:\/\/jnksport.com\/en\/wp-json\/wp\/v2\/etheme_brands?post=58677"},{"taxonomy":"product_brand","embeddable":true,"href":"https:\/\/jnksport.com\/en\/wp-json\/wp\/v2\/product_brand?post=58677"},{"taxonomy":"product_cat","embeddable":true,"href":"https:\/\/jnksport.com\/en\/wp-json\/wp\/v2\/product_cat?post=58677"},{"taxonomy":"product_tag","embeddable":true,"href":"https:\/\/jnksport.com\/en\/wp-json\/wp\/v2\/product_tag?post=58677"}],"curies":[{"name":"wp","href":"https:\/\/api.w.org\/{rel}","templated":true}]}}