{"id":58678,"date":"2026-04-03T21:56:56","date_gmt":"2026-04-03T21:56:56","guid":{"rendered":"https:\/\/jnksport.com\/?post_type=product&#038;p=58678"},"modified":"2026-04-29T22:32:32","modified_gmt":"2026-04-29T22:32:32","slug":"zapatillas-adidas-terrex-anylander-jr6598-hombre","status":"publish","type":"product","link":"https:\/\/jnksport.com\/en\/product\/zapatillas-adidas-terrex-anylander-jr6598-hombre\/","title":{"rendered":"Zapatillas Adidas Terrex Anylander JR6598 Hombre"},"content":{"rendered":"<div>\n<div>Tenis de senderismo livianos hechos parcialmente con una mezcla de materiales reciclados y renovables<br \/>\nDesde caminatas cortas por el bosque hasta caminatas de un d\u00eda largo, estos tenis de senderismo adidas Terrex ofrecen sujeci\u00f3n y comodidad en una amplia gama de senderos. Su dise\u00f1o de corte bajo ofrece total comodidad y la amortiguaci\u00f3n de la mediasuela te ofrece una pisada m\u00e1s liviana y c\u00f3moda. La suela Traxion ranurada ofrece agarre en todas las direcciones para que sientas confianza en tu pisada.<\/p>\n<p>Al elegir contenido reciclado, podemos reutilizar materiales que ya han sido creados, lo que ayuda a reducir los residuos. La elecci\u00f3n de materiales renovables nos ayudar\u00e1 a eliminar nuestra dependencia de recursos finitos. Nuestros productos hechos con una mezcla de materiales reciclados y renovables contienen al menos un 20 % de este material.<\/p>\n<p>Ajuste cl\u00e1sico<br \/>\nSistema de amarre de cordones<br \/>\nExterior textil con punta reforzada<br \/>\nForro interno textil<br \/>\nMediasuela de EVA<br \/>\nSuela Traxion<br \/>\nPeso: 390 g (talla CO 40)<br \/>\nCa\u00edda mediasuela: 10 mm (tal\u00f3n: 27 mm \/ antepi\u00e9: 17 mm)<br \/>\nContiene al menos un 20 % de material reciclado y renovable<br \/>\nColor del art\u00edculo: Aurora Onix \/ Dash Grey \/ Legend Ink<br \/>\nN\u00famero de art\u00edculo: JR6598<\/p><\/div>\n<\/div>\n<ul>\n<li>Marca: Adidas<\/li>\n<li>Codigo: JR6598<\/li>\n<li>Modelo: Terrex Anylander<\/li>\n<li>G\u00e9nero: Hombre<\/li>\n<li>Estilo: Deportivo<\/li>\n<li>Cierre: Cordones<\/li>\n<li>Material: Textil<\/li>\n<li>Color: Gris<\/li>\n<li>Material de la Suela: Traxion<\/li>\n<\/ul>","protected":false},"excerpt":{"rendered":"<p>Tenis de senderismo livianos hechos parcialmente con una mezcla de materiales reciclados y renovables Desde caminatas cortas por el bosque hasta caminatas de un d\u00eda&#8230;<\/p>","protected":false},"featured_media":58727,"comment_status":"open","ping_status":"closed","template":"","meta":{"om_disable_all_campaigns":false,"_monsterinsights_skip_tracking":false,"_monsterinsights_sitenote_active":false,"_monsterinsights_sitenote_note":"","_monsterinsights_sitenote_category":0,"_uf_show_specific_survey":0,"_uf_disable_surveys":false,"_joinchat":[]},"etheme_brands":[],"product_brand":[],"product_cat":[19],"product_tag":[],"class_list":{"0":"post-58678","1":"product","2":"type-product","3":"status-publish","4":"has-post-thumbnail","6":"product_cat-hombre","7":"product_shipping_class-envio-a-lima-y-provincia","9":"first","10":"instock","11":"sale","12":"featured","13":"shipping-taxable","14":"purchasable","15":"product-type-variable"},"aioseo_notices":[],"_links":{"self":[{"href":"https:\/\/jnksport.com\/en\/wp-json\/wp\/v2\/product\/58678","targetHints":{"allow":["GET"]}}],"collection":[{"href":"https:\/\/jnksport.com\/en\/wp-json\/wp\/v2\/product"}],"about":[{"href":"https:\/\/jnksport.com\/en\/wp-json\/wp\/v2\/types\/product"}],"replies":[{"embeddable":true,"href":"https:\/\/jnksport.com\/en\/wp-json\/wp\/v2\/comments?post=58678"}],"version-history":[{"count":0,"href":"https:\/\/jnksport.com\/en\/wp-json\/wp\/v2\/product\/58678\/revisions"}],"wp:featuredmedia":[{"embeddable":true,"href":"https:\/\/jnksport.com\/en\/wp-json\/wp\/v2\/media\/58727"}],"wp:attachment":[{"href":"https:\/\/jnksport.com\/en\/wp-json\/wp\/v2\/media?parent=58678"}],"wp:term":[{"taxonomy":"brand","embeddable":true,"href":"https:\/\/jnksport.com\/en\/wp-json\/wp\/v2\/etheme_brands?post=58678"},{"taxonomy":"product_brand","embeddable":true,"href":"https:\/\/jnksport.com\/en\/wp-json\/wp\/v2\/product_brand?post=58678"},{"taxonomy":"product_cat","embeddable":true,"href":"https:\/\/jnksport.com\/en\/wp-json\/wp\/v2\/product_cat?post=58678"},{"taxonomy":"product_tag","embeddable":true,"href":"https:\/\/jnksport.com\/en\/wp-json\/wp\/v2\/product_tag?post=58678"}],"curies":[{"name":"wp","href":"https:\/\/api.w.org\/{rel}","templated":true}]}}