{"id":58740,"date":"2026-04-03T21:57:12","date_gmt":"2026-04-03T21:57:12","guid":{"rendered":"https:\/\/jnksport.com\/?post_type=product&#038;p=58740"},"modified":"2026-04-25T19:59:58","modified_gmt":"2026-04-25T19:59:58","slug":"zapatillas-adidas-predator-js0354-hombre","status":"publish","type":"product","link":"https:\/\/jnksport.com\/en\/product\/zapatillas-adidas-predator-js0354-hombre\/","title":{"rendered":"Zapatillas Adidas Predator JS0354 Hombre"},"content":{"rendered":"<div>\n<div>Chimpunes con Powerspine para estabilidad en el mediopi\u00e9 y precisi\u00f3n en el golpeo.<br \/>\nAtraviesa el t\u00fanel y entra en el campo con confianza usando los Chimpunes Predator para Pasto Artificial. Dise\u00f1adas para ayudarte a alcanzar tus objetivos, estas zapatillas combinan una herencia atemporal con tecnolog\u00eda de vanguardia para tomarse el deporte tan en serio como t\u00fa lo haces.<\/p>\n<p>La innovadora malla y la tecnolog\u00eda de golpeo Nanostrike te ayudan a tomar el control delante del arco, mientras que la tecnolog\u00eda Powerspine de Predator se integra en un nuevo equipamiento de alto rendimiento para ayudarte a lanzar los tiros m\u00e1s fuertes al potenciar la estabilidad del mediopi\u00e9.<\/p>\n<p>Fabricada para superficies de pasto sint\u00e9tico, el suave exterior sint\u00e9tico est\u00e1 hecho para ofrecer comodidad en los partidos m\u00e1s duros, mientras que la textura a\u00f1adida para un agarre extra te ayuda a maniobrar con precisi\u00f3n. La leng\u00fceta flotante con pasadores facilita la entrada y el ajuste para un ajuste ce\u00f1ido y acogedor cada vez que te los atas. Tanto si juegas un partido informal como si superas tus l\u00edmites en un torneo competitivo, estos chimpunes est\u00e1n dise\u00f1ados para llevar tus habilidades futbol\u00edsticas al siguiente nivel.<\/p>\n<p>Ajuste cl\u00e1sico<br \/>\nPasadores<br \/>\nParte superior: Sint\u00e9ticos<br \/>\nPlantilla textil<br \/>\nSuela de caucho<br \/>\nNANOSTRIKE control<br \/>\nEstabilidad POWERSTRIKE<br \/>\nColor del art\u00edculo: Core Black \/ Cloud White \/ Lucid Red<br \/>\nN\u00famero de art\u00edculo: JS0354<\/p><\/div>\n<\/div>\n<ul>\n<li>Marca: Adidas<\/li>\n<li>Codigo: JS0354<\/li>\n<li>Modelo: Predator<\/li>\n<li>G\u00e9nero: Hombre<\/li>\n<li>Estilo: Deportivo<\/li>\n<li>Cierre: Cordones<\/li>\n<li>Material: Sintetico<\/li>\n<li>Color: Negro<\/li>\n<li>Material de la Suela: Caucho<\/li>\n<\/ul>","protected":false},"excerpt":{"rendered":"<p>Chimpunes con Powerspine para estabilidad en el mediopi\u00e9 y precisi\u00f3n en el golpeo. Atraviesa el t\u00fanel y entra en el campo con confianza usando los&#8230;<\/p>","protected":false},"featured_media":58758,"comment_status":"open","ping_status":"closed","template":"","meta":{"om_disable_all_campaigns":false,"_monsterinsights_skip_tracking":false,"_monsterinsights_sitenote_active":false,"_monsterinsights_sitenote_note":"","_monsterinsights_sitenote_category":0,"_uf_show_specific_survey":0,"_uf_disable_surveys":false,"_joinchat":[]},"etheme_brands":[],"product_brand":[],"product_cat":[19],"product_tag":[],"class_list":{"0":"post-58740","1":"product","2":"type-product","3":"status-publish","4":"has-post-thumbnail","6":"product_cat-hombre","7":"product_shipping_class-envio-a-lima-y-provincia","9":"first","10":"instock","11":"sale","12":"featured","13":"shipping-taxable","14":"purchasable","15":"product-type-variable"},"aioseo_notices":[],"_links":{"self":[{"href":"https:\/\/jnksport.com\/en\/wp-json\/wp\/v2\/product\/58740","targetHints":{"allow":["GET"]}}],"collection":[{"href":"https:\/\/jnksport.com\/en\/wp-json\/wp\/v2\/product"}],"about":[{"href":"https:\/\/jnksport.com\/en\/wp-json\/wp\/v2\/types\/product"}],"replies":[{"embeddable":true,"href":"https:\/\/jnksport.com\/en\/wp-json\/wp\/v2\/comments?post=58740"}],"version-history":[{"count":0,"href":"https:\/\/jnksport.com\/en\/wp-json\/wp\/v2\/product\/58740\/revisions"}],"wp:featuredmedia":[{"embeddable":true,"href":"https:\/\/jnksport.com\/en\/wp-json\/wp\/v2\/media\/58758"}],"wp:attachment":[{"href":"https:\/\/jnksport.com\/en\/wp-json\/wp\/v2\/media?parent=58740"}],"wp:term":[{"taxonomy":"brand","embeddable":true,"href":"https:\/\/jnksport.com\/en\/wp-json\/wp\/v2\/etheme_brands?post=58740"},{"taxonomy":"product_brand","embeddable":true,"href":"https:\/\/jnksport.com\/en\/wp-json\/wp\/v2\/product_brand?post=58740"},{"taxonomy":"product_cat","embeddable":true,"href":"https:\/\/jnksport.com\/en\/wp-json\/wp\/v2\/product_cat?post=58740"},{"taxonomy":"product_tag","embeddable":true,"href":"https:\/\/jnksport.com\/en\/wp-json\/wp\/v2\/product_tag?post=58740"}],"curies":[{"name":"wp","href":"https:\/\/api.w.org\/{rel}","templated":true}]}}