{"id":58794,"date":"2026-04-03T21:57:24","date_gmt":"2026-04-03T21:57:24","guid":{"rendered":"https:\/\/jnksport.com\/?post_type=product&#038;p=58794"},"modified":"2026-04-25T19:59:58","modified_gmt":"2026-04-25T19:59:58","slug":"zapatillas-joma-top-flex-tops2602in-hombre","status":"publish","type":"product","link":"https:\/\/jnksport.com\/en\/product\/zapatillas-joma-top-flex-tops2602in-hombre\/","title":{"rendered":"Zapatillas Joma Top Flex TOPS2602IN Hombre"},"content":{"rendered":"<div>\n<div>Zapatillas de f\u00fatbol sala. Un icono del futsal que ha marcado historia en la colecci\u00f3n de Joma durante m\u00e1s de tres d\u00e9cadas. Reconocido por ser un modelo r\u00e1pido, \u00e1gil y liviano, sigue siendo la elecci\u00f3n de referentes internacionales como Pito, Neguinho, Luciano Gauna y Luc\u00e3o.<\/p>\n<p>Upper elaborado con piel. Proporciona una combinaci\u00f3n ideal de confort, durabilidad y flexibilidad. Esto permite una adaptaci\u00f3n total al pie, mejorando la sensibilidad y el control del bal\u00f3n. Su superficie suave reduce la fricci\u00f3n, minimizando el riesgo de ampollas. Ventilaci\u00f3n del sudor garantizada con la tecnolog\u00eda de perforaciones VTS.<\/p>\n<p>Refuerzo PROTECTION en la puntera.<\/p>\n<p>La mediasuela de phylon ofrece una combinaci\u00f3n perfecta de ligereza y confort. Este material proporciona un excelente contacto con el bal\u00f3n, lo que mejora el control y la precisi\u00f3n en cada toque. Adem\u00e1s, su estructura estable permite realizar movimientos r\u00e1pidos y cambios de direcci\u00f3n con facilidad.<\/p>\n<p>La suela de caucho DURABILITY est\u00e1 dise\u00f1ada para ofrecer una resistencia excepcional. Su estructura proporciona un agarre superior y una tracci\u00f3n eficaz en superficies interiores. Cuenta con el sistema ROTATION para facilitar los giros rotatorios.<\/p><\/div>\n<\/div>\n<ul>\n<li>Marca: Joma<\/li>\n<li>Codigo: TOPS2602IN<\/li>\n<li>Modelo: Top Flex<\/li>\n<li>G\u00e9nero: Hombre<\/li>\n<li>Estilo: Deportivo<\/li>\n<li>Cierre: Cordones<\/li>\n<li>Material: Cuero<\/li>\n<li>Color: Blanco<\/li>\n<li>Material de la Suela: Goma<\/li>\n<\/ul>","protected":false},"excerpt":{"rendered":"<p>Zapatillas de f\u00fatbol sala. Un icono del futsal que ha marcado historia en la colecci\u00f3n de Joma durante m\u00e1s de tres d\u00e9cadas. Reconocido por ser&#8230;<\/p>","protected":false},"featured_media":58799,"comment_status":"open","ping_status":"closed","template":"","meta":{"om_disable_all_campaigns":false,"_monsterinsights_skip_tracking":false,"_monsterinsights_sitenote_active":false,"_monsterinsights_sitenote_note":"","_monsterinsights_sitenote_category":0,"_uf_show_specific_survey":0,"_uf_disable_surveys":false,"_joinchat":[]},"etheme_brands":[],"product_brand":[],"product_cat":[19],"product_tag":[],"class_list":{"0":"post-58794","1":"product","2":"type-product","3":"status-publish","4":"has-post-thumbnail","6":"product_cat-hombre","7":"product_shipping_class-envio-a-lima-y-provincia","9":"first","10":"instock","11":"sale","12":"featured","13":"shipping-taxable","14":"purchasable","15":"product-type-variable"},"aioseo_notices":[],"_links":{"self":[{"href":"https:\/\/jnksport.com\/en\/wp-json\/wp\/v2\/product\/58794","targetHints":{"allow":["GET"]}}],"collection":[{"href":"https:\/\/jnksport.com\/en\/wp-json\/wp\/v2\/product"}],"about":[{"href":"https:\/\/jnksport.com\/en\/wp-json\/wp\/v2\/types\/product"}],"replies":[{"embeddable":true,"href":"https:\/\/jnksport.com\/en\/wp-json\/wp\/v2\/comments?post=58794"}],"version-history":[{"count":0,"href":"https:\/\/jnksport.com\/en\/wp-json\/wp\/v2\/product\/58794\/revisions"}],"wp:featuredmedia":[{"embeddable":true,"href":"https:\/\/jnksport.com\/en\/wp-json\/wp\/v2\/media\/58799"}],"wp:attachment":[{"href":"https:\/\/jnksport.com\/en\/wp-json\/wp\/v2\/media?parent=58794"}],"wp:term":[{"taxonomy":"brand","embeddable":true,"href":"https:\/\/jnksport.com\/en\/wp-json\/wp\/v2\/etheme_brands?post=58794"},{"taxonomy":"product_brand","embeddable":true,"href":"https:\/\/jnksport.com\/en\/wp-json\/wp\/v2\/product_brand?post=58794"},{"taxonomy":"product_cat","embeddable":true,"href":"https:\/\/jnksport.com\/en\/wp-json\/wp\/v2\/product_cat?post=58794"},{"taxonomy":"product_tag","embeddable":true,"href":"https:\/\/jnksport.com\/en\/wp-json\/wp\/v2\/product_tag?post=58794"}],"curies":[{"name":"wp","href":"https:\/\/api.w.org\/{rel}","templated":true}]}}