{"id":58795,"date":"2026-04-03T21:57:24","date_gmt":"2026-04-03T21:57:24","guid":{"rendered":"https:\/\/jnksport.com\/?post_type=product&#038;p=58795"},"modified":"2026-04-03T21:57:33","modified_gmt":"2026-04-03T21:57:33","slug":"zapatillas-joma-top-flex-tops2602tf-hombre","status":"publish","type":"product","link":"https:\/\/jnksport.com\/en\/product\/zapatillas-joma-top-flex-tops2602tf-hombre\/","title":{"rendered":"Zapatillas Joma Top Flex TOPS2602TF Hombre"},"content":{"rendered":"<div>\n<div>Zapatillas de f\u00fatbol que evolucionan a partir del ic\u00f3nico modelo de futsal presente en la colecci\u00f3n de Joma desde hace m\u00e1s de 30 a\u00f1os. Un cl\u00e1sico reconocido por su calidad, flexibilidad y comodidad, elegido por futbolistas profesionales y ahora adaptado para rendir en cancha sint\u00e9tica (turf), combinando tradici\u00f3n y rendimiento en cada partido.<\/p>\n<p>El upper de piel natural ofrece un equilibrio \u00f3ptimo entre confort, resistencia y flexibilidad. Su capacidad de adaptaci\u00f3n al pie mejora la sensibilidad y el control del bal\u00f3n, mientras que su acabado suave reduce la fricci\u00f3n y ayuda a prevenir la aparici\u00f3n de ampollas. La correcta ventilaci\u00f3n est\u00e1 garantizada gracias a la tecnolog\u00eda de perforaciones VTS, que favorece la transpirabilidad durante el juego.<\/p>\n<p>Incorpora refuerzo PROTECTION en la puntera, protegiendo la zona frontal y aumentando la durabilidad frente al desgaste propio del juego.<\/p>\n<p>La mediasuela de phylon proporciona una amortiguaci\u00f3n ligera y eficiente, permitiendo un mayor contacto y sensibilidad con el bal\u00f3n. Su estructura aporta estabilidad y facilita movimientos r\u00e1pidos y cambios de direcci\u00f3n, manteniendo una pisada c\u00f3moda durante todo el partido.<\/p>\n<p>La suela de caucho DURABILITY, desarrollada para ofrecer alta resistencia y rendimiento fiable, garantiza agarre seguro y tracci\u00f3n eficaz en superficies sint\u00e9ticas. Adem\u00e1s, incorpora el sistema ROTATION, que facilita los giros y movimientos rotatorios de forma m\u00e1s natural.\n<\/p><\/div>\n<\/div>\n<ul>\n<li>Marca: Joma<\/li>\n<li>Codigo: TOPS2602TF<\/li>\n<li>Modelo: Top Flex<\/li>\n<li>G\u00e9nero: Hombre<\/li>\n<li>Estilo: Deportivo<\/li>\n<li>Cierre: Cordones<\/li>\n<li>Material: Cuero<\/li>\n<li>Color: Blanco<\/li>\n<li>Material de la Suela: Caucho<\/li>\n<\/ul>","protected":false},"excerpt":{"rendered":"<p>Zapatillas de f\u00fatbol que evolucionan a partir del ic\u00f3nico modelo de futsal presente en la colecci\u00f3n de Joma desde hace m\u00e1s de 30 a\u00f1os. Un&#8230;<\/p>","protected":false},"featured_media":58813,"comment_status":"open","ping_status":"closed","template":"","meta":{"om_disable_all_campaigns":false,"_monsterinsights_skip_tracking":false,"_monsterinsights_sitenote_active":false,"_monsterinsights_sitenote_note":"","_monsterinsights_sitenote_category":0,"_uf_show_specific_survey":0,"_uf_disable_surveys":false,"_joinchat":[]},"etheme_brands":[],"product_brand":[],"product_cat":[19],"product_tag":[],"class_list":{"0":"post-58795","1":"product","2":"type-product","3":"status-publish","4":"has-post-thumbnail","6":"product_cat-hombre","7":"product_shipping_class-envio-a-lima-y-provincia","9":"first","10":"instock","11":"sale","12":"featured","13":"shipping-taxable","14":"purchasable","15":"product-type-variable"},"aioseo_notices":[],"_links":{"self":[{"href":"https:\/\/jnksport.com\/en\/wp-json\/wp\/v2\/product\/58795","targetHints":{"allow":["GET"]}}],"collection":[{"href":"https:\/\/jnksport.com\/en\/wp-json\/wp\/v2\/product"}],"about":[{"href":"https:\/\/jnksport.com\/en\/wp-json\/wp\/v2\/types\/product"}],"replies":[{"embeddable":true,"href":"https:\/\/jnksport.com\/en\/wp-json\/wp\/v2\/comments?post=58795"}],"version-history":[{"count":0,"href":"https:\/\/jnksport.com\/en\/wp-json\/wp\/v2\/product\/58795\/revisions"}],"wp:featuredmedia":[{"embeddable":true,"href":"https:\/\/jnksport.com\/en\/wp-json\/wp\/v2\/media\/58813"}],"wp:attachment":[{"href":"https:\/\/jnksport.com\/en\/wp-json\/wp\/v2\/media?parent=58795"}],"wp:term":[{"taxonomy":"brand","embeddable":true,"href":"https:\/\/jnksport.com\/en\/wp-json\/wp\/v2\/etheme_brands?post=58795"},{"taxonomy":"product_brand","embeddable":true,"href":"https:\/\/jnksport.com\/en\/wp-json\/wp\/v2\/product_brand?post=58795"},{"taxonomy":"product_cat","embeddable":true,"href":"https:\/\/jnksport.com\/en\/wp-json\/wp\/v2\/product_cat?post=58795"},{"taxonomy":"product_tag","embeddable":true,"href":"https:\/\/jnksport.com\/en\/wp-json\/wp\/v2\/product_tag?post=58795"}],"curies":[{"name":"wp","href":"https:\/\/api.w.org\/{rel}","templated":true}]}}