{"id":60246,"date":"2026-05-12T04:54:06","date_gmt":"2026-05-12T04:54:06","guid":{"rendered":"https:\/\/jnksport.com\/?post_type=product&#038;p=60246"},"modified":"2026-05-14T06:31:04","modified_gmt":"2026-05-14T06:31:04","slug":"zapatillas-puma-carina-mia-402637-02-mujer","status":"publish","type":"product","link":"https:\/\/jnksport.com\/en\/product\/zapatillas-puma-carina-mia-402637-02-mujer\/","title":{"rendered":"Zapatillas Puma Carina Mia 402637-02 Mujer"},"content":{"rendered":"<div>\n<div>Da un paso hacia el nuevo cap\u00edtulo de la moda con las Carina. Inspiradas en la energ\u00eda atemporal del tenis, estas zapatillas le aportan un aire fresco a tus looks, ideal para las actividades de todos los d\u00edas. Con su encanto y dise\u00f1o simple, te acompa\u00f1ar\u00e1n con estilo cuando salgas a hacer tr\u00e1mites por la ciudad o te juntes con amigas.<\/p>\n<p>CARACTER\u00cdSTICAS + BENEFICIOS<br \/>\nSOFTFOAM+: Plantilla c\u00f3moda, dise\u00f1ada con un tal\u00f3n extra grueso para proporcionar una amortiguaci\u00f3n suave<br \/>\nDETALLES<br \/>\nCalce regular<br \/>\nPuntera redondeada<br \/>\nCon cordones<br \/>\nEmpeine sint\u00e9tico<br \/>\nBase estilo plataforma<br \/>\nInterior en material textil<br \/>\nSuela de goma<br \/>\nInformaci\u00f3n del material<br \/>\nPlantilla: 100% Textil<br \/>\nSuela: 100% Goma<br \/>\nExterior: 49.69% Piel de vacuno, 47.33% Sint\u00e9tico, 2.98% Textil<br \/>\nForro: 100% Textil<\/p><\/div>\n<\/div>\n<ul>\n<li>Marca: Puma<\/li>\n<li>Codigo: 402637-02<\/li>\n<li>Modelo: Carina Mia<\/li>\n<li>G\u00e9nero: Mujer<\/li>\n<li>Estilo: Urtbano<\/li>\n<li>Cierre: Cordones<\/li>\n<li>Material: Cuero<\/li>\n<li>Color: Blanco<\/li>\n<li>Material de la Suela: Goma<\/li>\n<\/ul>","protected":false},"excerpt":{"rendered":"<p>Da un paso hacia el nuevo cap\u00edtulo de la moda con las Carina. Inspiradas en la energ\u00eda atemporal del tenis, estas zapatillas le aportan un&#8230;<\/p>","protected":false},"featured_media":60277,"comment_status":"open","ping_status":"closed","template":"","meta":{"om_disable_all_campaigns":false,"_monsterinsights_skip_tracking":false,"_monsterinsights_sitenote_active":false,"_monsterinsights_sitenote_note":"","_monsterinsights_sitenote_category":0,"_uf_show_specific_survey":0,"_uf_disable_surveys":false,"_joinchat":[]},"etheme_brands":[],"product_brand":[],"product_cat":[18],"product_tag":[],"class_list":{"0":"post-60246","1":"product","2":"type-product","3":"status-publish","4":"has-post-thumbnail","6":"product_cat-mujer","7":"product_shipping_class-envio-a-lima-y-provincia","9":"first","10":"instock","11":"sale","12":"featured","13":"shipping-taxable","14":"purchasable","15":"product-type-variable"},"aioseo_notices":[],"_links":{"self":[{"href":"https:\/\/jnksport.com\/en\/wp-json\/wp\/v2\/product\/60246","targetHints":{"allow":["GET"]}}],"collection":[{"href":"https:\/\/jnksport.com\/en\/wp-json\/wp\/v2\/product"}],"about":[{"href":"https:\/\/jnksport.com\/en\/wp-json\/wp\/v2\/types\/product"}],"replies":[{"embeddable":true,"href":"https:\/\/jnksport.com\/en\/wp-json\/wp\/v2\/comments?post=60246"}],"version-history":[{"count":1,"href":"https:\/\/jnksport.com\/en\/wp-json\/wp\/v2\/product\/60246\/revisions"}],"predecessor-version":[{"id":60278,"href":"https:\/\/jnksport.com\/en\/wp-json\/wp\/v2\/product\/60246\/revisions\/60278"}],"wp:featuredmedia":[{"embeddable":true,"href":"https:\/\/jnksport.com\/en\/wp-json\/wp\/v2\/media\/60277"}],"wp:attachment":[{"href":"https:\/\/jnksport.com\/en\/wp-json\/wp\/v2\/media?parent=60246"}],"wp:term":[{"taxonomy":"brand","embeddable":true,"href":"https:\/\/jnksport.com\/en\/wp-json\/wp\/v2\/etheme_brands?post=60246"},{"taxonomy":"product_brand","embeddable":true,"href":"https:\/\/jnksport.com\/en\/wp-json\/wp\/v2\/product_brand?post=60246"},{"taxonomy":"product_cat","embeddable":true,"href":"https:\/\/jnksport.com\/en\/wp-json\/wp\/v2\/product_cat?post=60246"},{"taxonomy":"product_tag","embeddable":true,"href":"https:\/\/jnksport.com\/en\/wp-json\/wp\/v2\/product_tag?post=60246"}],"curies":[{"name":"wp","href":"https:\/\/api.w.org\/{rel}","templated":true}]}}