{"id":9373,"date":"2022-10-19T23:09:08","date_gmt":"2022-10-19T23:09:08","guid":{"rendered":"https:\/\/jnksport.com\/?post_type=product&#038;p=9373"},"modified":"2026-03-13T22:00:26","modified_gmt":"2026-03-13T22:00:26","slug":"zapatilla-adidas-coreracer-fx3593","status":"publish","type":"product","link":"https:\/\/jnksport.com\/en\/product\/zapatilla-adidas-coreracer-fx3593\/","title":{"rendered":"Zapatilla-Adidas Coreracer FX3593"},"content":{"rendered":"<p>Las zapatillas adidas Coreracer ofrecen la combinaci\u00f3n perfecta de sujeci\u00f3n para running y estilo urbano. Son livianas y transpirables para mantener tus pies c\u00f3modos en todo momento. Lucen un logo adidas Badge of Sport que le pone el toque final al look de alto rendimiento.<\/p>\n<ul class=\"gl-list\">\n<li class=\"gl-vspace-bpall-small\">Sistema de amarre de pasadores<\/li>\n<li class=\"gl-vspace-bpall-small\">Exterior textil<\/li>\n<li class=\"gl-vspace-bpall-small\">Dise\u00f1o transpirable<\/li>\n<li class=\"gl-vspace-bpall-small\">Zapatillas de running livianas<\/li>\n<li class=\"gl-vspace-bpall-small\">Mediasuela de EVA con forro interno textil<\/li>\n<li class=\"gl-vspace-bpall-small\">Suela de caucho y estabilizador de tal\u00f3n de inspiraci\u00f3n t\u00e9cnica.<\/li>\n<\/ul>","protected":false},"excerpt":{"rendered":"<p>Las zapatillas adidas Coreracer ofrecen la combinaci\u00f3n perfecta de sujeci\u00f3n para running y estilo urbano. Son livianas y transpirables para mantener tus pies c\u00f3modos en&#8230;<\/p>","protected":false},"featured_media":3550,"comment_status":"open","ping_status":"closed","template":"","meta":{"om_disable_all_campaigns":false,"_monsterinsights_skip_tracking":false,"_monsterinsights_sitenote_active":false,"_monsterinsights_sitenote_note":"","_monsterinsights_sitenote_category":0,"_uf_show_specific_survey":0,"_uf_disable_surveys":false,"_joinchat":[]},"etheme_brands":[],"product_brand":[],"product_cat":[19],"product_tag":[],"class_list":{"0":"post-9373","1":"product","2":"type-product","3":"status-publish","4":"has-post-thumbnail","6":"product_cat-hombre","7":"product_shipping_class-envio-a-lima-y-provincia","9":"first","10":"instock","11":"sale","12":"shipping-taxable","13":"purchasable","14":"product-type-variable"},"aioseo_notices":[],"_links":{"self":[{"href":"https:\/\/jnksport.com\/en\/wp-json\/wp\/v2\/product\/9373","targetHints":{"allow":["GET"]}}],"collection":[{"href":"https:\/\/jnksport.com\/en\/wp-json\/wp\/v2\/product"}],"about":[{"href":"https:\/\/jnksport.com\/en\/wp-json\/wp\/v2\/types\/product"}],"replies":[{"embeddable":true,"href":"https:\/\/jnksport.com\/en\/wp-json\/wp\/v2\/comments?post=9373"}],"version-history":[{"count":0,"href":"https:\/\/jnksport.com\/en\/wp-json\/wp\/v2\/product\/9373\/revisions"}],"wp:featuredmedia":[{"embeddable":true,"href":"https:\/\/jnksport.com\/en\/wp-json\/wp\/v2\/media\/3550"}],"wp:attachment":[{"href":"https:\/\/jnksport.com\/en\/wp-json\/wp\/v2\/media?parent=9373"}],"wp:term":[{"taxonomy":"brand","embeddable":true,"href":"https:\/\/jnksport.com\/en\/wp-json\/wp\/v2\/etheme_brands?post=9373"},{"taxonomy":"product_brand","embeddable":true,"href":"https:\/\/jnksport.com\/en\/wp-json\/wp\/v2\/product_brand?post=9373"},{"taxonomy":"product_cat","embeddable":true,"href":"https:\/\/jnksport.com\/en\/wp-json\/wp\/v2\/product_cat?post=9373"},{"taxonomy":"product_tag","embeddable":true,"href":"https:\/\/jnksport.com\/en\/wp-json\/wp\/v2\/product_tag?post=9373"}],"curies":[{"name":"wp","href":"https:\/\/api.w.org\/{rel}","templated":true}]}}