{"id":9542,"date":"2022-10-19T23:10:27","date_gmt":"2022-10-19T23:10:27","guid":{"rendered":"https:\/\/jnksport.com\/?post_type=product&#038;p=9542"},"modified":"2026-04-11T17:03:01","modified_gmt":"2026-04-11T17:03:01","slug":"zapatilla-adidas-grand-court-cloudfoam-lifestyle-gw9195","status":"publish","type":"product","link":"https:\/\/jnksport.com\/en\/product\/zapatilla-adidas-grand-court-cloudfoam-lifestyle-gw9195\/","title":{"rendered":"Zapatilla-Adidas  Grand Court Cloudfoam Lifestyle GW9195"},"content":{"rendered":"<p>Si solo podr\u00edas tener un par de zapatillas, estas ser\u00edan las que elijar\u00edas. Estas zapatillas adidas Grand Court con las cl\u00e1sicas 3 Tiras le inyectan estilo a tus looks. La amortiguaci\u00f3n Cloudfoam Comfort mantiene tus pies suaves y c\u00f3modos en todo momento. \u00dasalas con cualquiera de tus pantsalones favoritos para ir d\u00f3nde quieras, cu\u00e1ndo quieras. El exterior contiene al menos un 50 % de materiales reciclados. Este producto representa solo una de nuestras soluciones para ayudar a poner fin a los residuos pl\u00e1sticos.<\/p>\n<ul class=\"gl-list\">\n<li class=\"gl-vspace-bpall-small\">Ajuste cl\u00e1sico<\/li>\n<li class=\"gl-vspace-bpall-small\">Sistema de amarre de pasadores<\/li>\n<li class=\"gl-vspace-bpall-small\">Exterior de cuero sint\u00e9tico<\/li>\n<li class=\"gl-vspace-bpall-small\">Plantilla Cloudfoam Comfort<\/li>\n<li class=\"gl-vspace-bpall-small\">Forro interno textil<\/li>\n<li class=\"gl-vspace-bpall-small\">Suela de caucho<\/li>\n<li class=\"gl-vspace-bpall-small\">El exterior contiene al menos un 50 % de material reciclado<\/li>\n<\/ul>","protected":false},"excerpt":{"rendered":"<p>Si solo podr\u00edas tener un par de zapatillas, estas ser\u00edan las que elijar\u00edas. Estas zapatillas adidas Grand Court con las cl\u00e1sicas 3 Tiras le inyectan&#8230;<\/p>","protected":false},"featured_media":3630,"comment_status":"open","ping_status":"closed","template":"","meta":{"om_disable_all_campaigns":false,"_monsterinsights_skip_tracking":false,"_monsterinsights_sitenote_active":false,"_monsterinsights_sitenote_note":"","_monsterinsights_sitenote_category":0,"_uf_show_specific_survey":0,"_uf_disable_surveys":false,"_joinchat":[]},"etheme_brands":[],"product_brand":[],"product_cat":[19],"product_tag":[],"class_list":{"0":"post-9542","1":"product","2":"type-product","3":"status-publish","4":"has-post-thumbnail","6":"product_cat-hombre","7":"product_shipping_class-envio-a-lima-y-provincia","9":"first","10":"instock","11":"sale","12":"featured","13":"shipping-taxable","14":"purchasable","15":"product-type-variable"},"aioseo_notices":[],"_links":{"self":[{"href":"https:\/\/jnksport.com\/en\/wp-json\/wp\/v2\/product\/9542","targetHints":{"allow":["GET"]}}],"collection":[{"href":"https:\/\/jnksport.com\/en\/wp-json\/wp\/v2\/product"}],"about":[{"href":"https:\/\/jnksport.com\/en\/wp-json\/wp\/v2\/types\/product"}],"replies":[{"embeddable":true,"href":"https:\/\/jnksport.com\/en\/wp-json\/wp\/v2\/comments?post=9542"}],"version-history":[{"count":0,"href":"https:\/\/jnksport.com\/en\/wp-json\/wp\/v2\/product\/9542\/revisions"}],"wp:featuredmedia":[{"embeddable":true,"href":"https:\/\/jnksport.com\/en\/wp-json\/wp\/v2\/media\/3630"}],"wp:attachment":[{"href":"https:\/\/jnksport.com\/en\/wp-json\/wp\/v2\/media?parent=9542"}],"wp:term":[{"taxonomy":"brand","embeddable":true,"href":"https:\/\/jnksport.com\/en\/wp-json\/wp\/v2\/etheme_brands?post=9542"},{"taxonomy":"product_brand","embeddable":true,"href":"https:\/\/jnksport.com\/en\/wp-json\/wp\/v2\/product_brand?post=9542"},{"taxonomy":"product_cat","embeddable":true,"href":"https:\/\/jnksport.com\/en\/wp-json\/wp\/v2\/product_cat?post=9542"},{"taxonomy":"product_tag","embeddable":true,"href":"https:\/\/jnksport.com\/en\/wp-json\/wp\/v2\/product_tag?post=9542"}],"curies":[{"name":"wp","href":"https:\/\/api.w.org\/{rel}","templated":true}]}}