{"id":9623,"date":"2022-10-19T23:11:04","date_gmt":"2022-10-19T23:11:04","guid":{"rendered":"https:\/\/jnksport.com\/?post_type=product&#038;p=9623"},"modified":"2026-03-13T21:59:59","modified_gmt":"2026-03-13T21:59:59","slug":"zapatilla-asics-gel-kayano-28-1011b189-003","status":"publish","type":"product","link":"https:\/\/jnksport.com\/en\/product\/zapatilla-asics-gel-kayano-28-1011b189-003\/","title":{"rendered":"Zapatilla-Asics Gel Kayano 28 1011B189-003"},"content":{"rendered":"<ul>\n<li>La parte superior de malla t\u00e9cnica mejora la transpirabilidad<\/li>\n<li>La amortiguaci\u00f3n con tecnolog\u00eda GEL en la parte delantera y trasera del pie proporciona una excelente absorci\u00f3n de impactos<\/li>\n<li>La plantilla OrthoLite X-55 mejora la comodidad<\/li>\n<li>La tecnolog\u00eda TRUSSTIC mejora la estabilidad<\/li>\n<li>La tecnolog\u00eda FF BLAST proporciona una amortiguaci\u00f3n ligera y un rebote sensible<\/li>\n<li>El taco AHARPLUS mejora la durabilidad de la suela<\/li>\n<\/ul>","protected":false},"excerpt":{"rendered":"<p>La parte superior de malla t\u00e9cnica mejora la transpirabilidad La amortiguaci\u00f3n con tecnolog\u00eda GEL en la parte delantera y trasera del pie proporciona una excelente&#8230;<\/p>","protected":false},"featured_media":3393,"comment_status":"open","ping_status":"closed","template":"","meta":{"om_disable_all_campaigns":false,"_monsterinsights_skip_tracking":false,"_monsterinsights_sitenote_active":false,"_monsterinsights_sitenote_note":"","_monsterinsights_sitenote_category":0,"_uf_show_specific_survey":0,"_uf_disable_surveys":false,"_joinchat":[]},"etheme_brands":[],"product_brand":[],"product_cat":[19],"product_tag":[],"class_list":{"0":"post-9623","1":"product","2":"type-product","3":"status-publish","4":"has-post-thumbnail","6":"product_cat-hombre","7":"product_shipping_class-envio-a-lima-y-provincia","9":"first","10":"instock","11":"sale","12":"shipping-taxable","13":"purchasable","14":"product-type-variable"},"aioseo_notices":[],"_links":{"self":[{"href":"https:\/\/jnksport.com\/en\/wp-json\/wp\/v2\/product\/9623","targetHints":{"allow":["GET"]}}],"collection":[{"href":"https:\/\/jnksport.com\/en\/wp-json\/wp\/v2\/product"}],"about":[{"href":"https:\/\/jnksport.com\/en\/wp-json\/wp\/v2\/types\/product"}],"replies":[{"embeddable":true,"href":"https:\/\/jnksport.com\/en\/wp-json\/wp\/v2\/comments?post=9623"}],"version-history":[{"count":0,"href":"https:\/\/jnksport.com\/en\/wp-json\/wp\/v2\/product\/9623\/revisions"}],"wp:featuredmedia":[{"embeddable":true,"href":"https:\/\/jnksport.com\/en\/wp-json\/wp\/v2\/media\/3393"}],"wp:attachment":[{"href":"https:\/\/jnksport.com\/en\/wp-json\/wp\/v2\/media?parent=9623"}],"wp:term":[{"taxonomy":"brand","embeddable":true,"href":"https:\/\/jnksport.com\/en\/wp-json\/wp\/v2\/etheme_brands?post=9623"},{"taxonomy":"product_brand","embeddable":true,"href":"https:\/\/jnksport.com\/en\/wp-json\/wp\/v2\/product_brand?post=9623"},{"taxonomy":"product_cat","embeddable":true,"href":"https:\/\/jnksport.com\/en\/wp-json\/wp\/v2\/product_cat?post=9623"},{"taxonomy":"product_tag","embeddable":true,"href":"https:\/\/jnksport.com\/en\/wp-json\/wp\/v2\/product_tag?post=9623"}],"curies":[{"name":"wp","href":"https:\/\/api.w.org\/{rel}","templated":true}]}}