{"id":9632,"date":"2022-10-19T23:11:09","date_gmt":"2022-10-19T23:11:09","guid":{"rendered":"https:\/\/jnksport.com\/?post_type=product&#038;p=9632"},"modified":"2026-04-29T22:31:53","modified_gmt":"2026-04-29T22:31:53","slug":"zapatilla-asics-gel-nimbus-23-1012a885-413","status":"publish","type":"product","link":"https:\/\/jnksport.com\/en\/product\/zapatilla-asics-gel-nimbus-23-1012a885-413\/","title":{"rendered":"Zapatilla-Asics Gel Nimbus 23 1012A885-413"},"content":{"rendered":"<ul>\n<li>Empeine de malla de dise\u00f1o especial que favorece la transpirabilidad<\/li>\n<li>Tecnolog\u00eda TRUSSTIC que mejora la estabilidad<\/li>\n<li>Amortiguaci\u00f3n con tecnolog\u00eda FLYTEFOAM<\/li>\n<li>Plantilla ORTHOLITE X-55 que mejora la comodidad de la pisada<\/li>\n<li>Tecnolog\u00eda de amortiguaci\u00f3n GEL<\/li>\n<li>Suela exterior de goma ASICS LITE que mejora la durabilidad<\/li>\n<\/ul>","protected":false},"excerpt":{"rendered":"<p>Empeine de malla de dise\u00f1o especial que favorece la transpirabilidad Tecnolog\u00eda TRUSSTIC que mejora la estabilidad Amortiguaci\u00f3n con tecnolog\u00eda FLYTEFOAM Plantilla ORTHOLITE X-55 que mejora&#8230;<\/p>","protected":false},"featured_media":59740,"comment_status":"open","ping_status":"closed","template":"","meta":{"om_disable_all_campaigns":false,"_monsterinsights_skip_tracking":false,"_monsterinsights_sitenote_active":false,"_monsterinsights_sitenote_note":"","_monsterinsights_sitenote_category":0,"_uf_show_specific_survey":0,"_uf_disable_surveys":false,"_joinchat":[]},"etheme_brands":[],"product_brand":[],"product_cat":[19],"product_tag":[],"class_list":{"0":"post-9632","1":"product","2":"type-product","3":"status-publish","4":"has-post-thumbnail","6":"product_cat-hombre","7":"product_shipping_class-envio-a-lima-y-provincia","9":"first","10":"instock","11":"sale","12":"shipping-taxable","13":"purchasable","14":"product-type-variable"},"aioseo_notices":[],"_links":{"self":[{"href":"https:\/\/jnksport.com\/en\/wp-json\/wp\/v2\/product\/9632","targetHints":{"allow":["GET"]}}],"collection":[{"href":"https:\/\/jnksport.com\/en\/wp-json\/wp\/v2\/product"}],"about":[{"href":"https:\/\/jnksport.com\/en\/wp-json\/wp\/v2\/types\/product"}],"replies":[{"embeddable":true,"href":"https:\/\/jnksport.com\/en\/wp-json\/wp\/v2\/comments?post=9632"}],"version-history":[{"count":1,"href":"https:\/\/jnksport.com\/en\/wp-json\/wp\/v2\/product\/9632\/revisions"}],"predecessor-version":[{"id":59741,"href":"https:\/\/jnksport.com\/en\/wp-json\/wp\/v2\/product\/9632\/revisions\/59741"}],"wp:featuredmedia":[{"embeddable":true,"href":"https:\/\/jnksport.com\/en\/wp-json\/wp\/v2\/media\/59740"}],"wp:attachment":[{"href":"https:\/\/jnksport.com\/en\/wp-json\/wp\/v2\/media?parent=9632"}],"wp:term":[{"taxonomy":"brand","embeddable":true,"href":"https:\/\/jnksport.com\/en\/wp-json\/wp\/v2\/etheme_brands?post=9632"},{"taxonomy":"product_brand","embeddable":true,"href":"https:\/\/jnksport.com\/en\/wp-json\/wp\/v2\/product_brand?post=9632"},{"taxonomy":"product_cat","embeddable":true,"href":"https:\/\/jnksport.com\/en\/wp-json\/wp\/v2\/product_cat?post=9632"},{"taxonomy":"product_tag","embeddable":true,"href":"https:\/\/jnksport.com\/en\/wp-json\/wp\/v2\/product_tag?post=9632"}],"curies":[{"name":"wp","href":"https:\/\/api.w.org\/{rel}","templated":true}]}}