{"id":9690,"date":"2022-10-19T23:11:36","date_gmt":"2022-10-19T23:11:36","guid":{"rendered":"https:\/\/jnksport.com\/?post_type=product&#038;p=9690"},"modified":"2026-03-03T05:28:40","modified_gmt":"2026-03-03T05:28:40","slug":"zapatilla-converse-ct-as-lift-letaher-hi-561676","status":"publish","type":"product","link":"https:\/\/jnksport.com\/en\/product\/zapatilla-converse-ct-as-lift-letaher-hi-561676\/","title":{"rendered":"Zapatilla-Converse Ct As Lift Leather Hi 561676"},"content":{"rendered":"<ul>\n<li>Dise\u00f1o de ca\u00f1a alta<\/li>\n<li>Cierre con cordones<\/li>\n<li>Puntera de goma reforzada<\/li>\n<li>Cl\u00e1sico parche All Star en el tobillo<\/li>\n<li>Suela exterior cl\u00e1sica mejorada<\/li>\n<li>Plantilla de EVA para una mayor amortiguaci\u00f3n<\/li>\n<\/ul>","protected":false},"excerpt":{"rendered":"<p>Dise\u00f1o de ca\u00f1a alta Cierre con cordones Puntera de goma reforzada Cl\u00e1sico parche All Star en el tobillo Suela exterior cl\u00e1sica mejorada Plantilla de EVA&#8230;<\/p>","protected":false},"featured_media":3479,"comment_status":"open","ping_status":"closed","template":"","meta":{"om_disable_all_campaigns":false,"_monsterinsights_skip_tracking":false,"_monsterinsights_sitenote_active":false,"_monsterinsights_sitenote_note":"","_monsterinsights_sitenote_category":0,"_uf_show_specific_survey":0,"_uf_disable_surveys":false,"_joinchat":[]},"etheme_brands":[],"product_brand":[],"product_cat":[18],"product_tag":[],"class_list":{"0":"post-9690","1":"product","2":"type-product","3":"status-publish","4":"has-post-thumbnail","6":"product_cat-mujer","7":"product_shipping_class-envio-a-lima-y-provincia","9":"first","10":"instock","11":"sale","12":"shipping-taxable","13":"purchasable","14":"product-type-variable"},"aioseo_notices":[],"_links":{"self":[{"href":"https:\/\/jnksport.com\/en\/wp-json\/wp\/v2\/product\/9690","targetHints":{"allow":["GET"]}}],"collection":[{"href":"https:\/\/jnksport.com\/en\/wp-json\/wp\/v2\/product"}],"about":[{"href":"https:\/\/jnksport.com\/en\/wp-json\/wp\/v2\/types\/product"}],"replies":[{"embeddable":true,"href":"https:\/\/jnksport.com\/en\/wp-json\/wp\/v2\/comments?post=9690"}],"version-history":[{"count":0,"href":"https:\/\/jnksport.com\/en\/wp-json\/wp\/v2\/product\/9690\/revisions"}],"wp:featuredmedia":[{"embeddable":true,"href":"https:\/\/jnksport.com\/en\/wp-json\/wp\/v2\/media\/3479"}],"wp:attachment":[{"href":"https:\/\/jnksport.com\/en\/wp-json\/wp\/v2\/media?parent=9690"}],"wp:term":[{"taxonomy":"brand","embeddable":true,"href":"https:\/\/jnksport.com\/en\/wp-json\/wp\/v2\/etheme_brands?post=9690"},{"taxonomy":"product_brand","embeddable":true,"href":"https:\/\/jnksport.com\/en\/wp-json\/wp\/v2\/product_brand?post=9690"},{"taxonomy":"product_cat","embeddable":true,"href":"https:\/\/jnksport.com\/en\/wp-json\/wp\/v2\/product_cat?post=9690"},{"taxonomy":"product_tag","embeddable":true,"href":"https:\/\/jnksport.com\/en\/wp-json\/wp\/v2\/product_tag?post=9690"}],"curies":[{"name":"wp","href":"https:\/\/api.w.org\/{rel}","templated":true}]}}