{"id":9889,"date":"2022-10-19T23:13:30","date_gmt":"2022-10-19T23:13:30","guid":{"rendered":"https:\/\/jnksport.com\/?post_type=product&#038;p=9889"},"modified":"2026-03-13T21:59:59","modified_gmt":"2026-03-13T21:59:59","slug":"zapatilla-reebok-princess-7344","status":"publish","type":"product","link":"https:\/\/jnksport.com\/en\/product\/zapatilla-reebok-princess-7344\/","title":{"rendered":"Zapatilla-Reebok Princess 7344 100000120"},"content":{"rendered":"<ul>\n<li>Color y estilo combinable<\/li>\n<li><span class=\"reebokcl-pdp-description-and-details-0-x-value_detail\">Parte superior hecha de fibra sint\u00e9tica que brinda comodidad al instante.<\/span><\/li>\n<li>Mediasuela de EVA, amortiguaci\u00f3n con ligereza<\/li>\n<li>Tecnolog\u00edas Gore-Tex y XCR que ayudan a mantener los pies frescos controlando la temperatura<\/li>\n<li>Parte delantera del exterior y ranuras flexibles para mayor flexibilidad al momento de despegue<\/li>\n<li><span class=\"Y2IQFc\" lang=\"es\">Detalle del logotipo Reebok\u00ae<\/span><\/li>\n<\/ul>\n<p>Deslumbra a todos con estas zapatillas, uno de los m\u00e1s c\u00f3modos que hayas usado jam\u00e1s. Su exterior de cuero sint\u00e9tico brinda comodidad al instante. Al igual que el suave forro de polar. La amortiguaci\u00f3n y la comodidad est\u00e1n garantizados gracias a la entresuela de EVA y a la plantilla de espuma acolchada. Suela exterior de caucho de alta resistencia al desgaste para durabilidad.<\/p>","protected":false},"excerpt":{"rendered":"<p>Color y estilo combinable Parte superior hecha de fibra sint\u00e9tica que brinda comodidad al instante. Mediasuela de EVA, amortiguaci\u00f3n con ligereza Tecnolog\u00edas Gore-Tex y XCR&#8230;<\/p>","protected":false},"featured_media":3423,"comment_status":"open","ping_status":"closed","template":"","meta":{"om_disable_all_campaigns":false,"_monsterinsights_skip_tracking":false,"_monsterinsights_sitenote_active":false,"_monsterinsights_sitenote_note":"","_monsterinsights_sitenote_category":0,"_uf_show_specific_survey":0,"_uf_disable_surveys":false,"_joinchat":[]},"etheme_brands":[],"product_brand":[],"product_cat":[18],"product_tag":[],"class_list":{"0":"post-9889","1":"product","2":"type-product","3":"status-publish","4":"has-post-thumbnail","6":"product_cat-mujer","7":"product_shipping_class-envio-a-lima-y-provincia","9":"first","10":"instock","11":"sale","12":"shipping-taxable","13":"purchasable","14":"product-type-variable"},"aioseo_notices":[],"_links":{"self":[{"href":"https:\/\/jnksport.com\/en\/wp-json\/wp\/v2\/product\/9889","targetHints":{"allow":["GET"]}}],"collection":[{"href":"https:\/\/jnksport.com\/en\/wp-json\/wp\/v2\/product"}],"about":[{"href":"https:\/\/jnksport.com\/en\/wp-json\/wp\/v2\/types\/product"}],"replies":[{"embeddable":true,"href":"https:\/\/jnksport.com\/en\/wp-json\/wp\/v2\/comments?post=9889"}],"version-history":[{"count":0,"href":"https:\/\/jnksport.com\/en\/wp-json\/wp\/v2\/product\/9889\/revisions"}],"wp:featuredmedia":[{"embeddable":true,"href":"https:\/\/jnksport.com\/en\/wp-json\/wp\/v2\/media\/3423"}],"wp:attachment":[{"href":"https:\/\/jnksport.com\/en\/wp-json\/wp\/v2\/media?parent=9889"}],"wp:term":[{"taxonomy":"brand","embeddable":true,"href":"https:\/\/jnksport.com\/en\/wp-json\/wp\/v2\/etheme_brands?post=9889"},{"taxonomy":"product_brand","embeddable":true,"href":"https:\/\/jnksport.com\/en\/wp-json\/wp\/v2\/product_brand?post=9889"},{"taxonomy":"product_cat","embeddable":true,"href":"https:\/\/jnksport.com\/en\/wp-json\/wp\/v2\/product_cat?post=9889"},{"taxonomy":"product_tag","embeddable":true,"href":"https:\/\/jnksport.com\/en\/wp-json\/wp\/v2\/product_tag?post=9889"}],"curies":[{"name":"wp","href":"https:\/\/api.w.org\/{rel}","templated":true}]}}